{"id":7254,"date":"2024-07-18T11:00:18","date_gmt":"2024-07-18T15:00:18","guid":{"rendered":"https:\/\/alfredtaxi.ca\/?page_id=7254"},"modified":"2024-08-21T10:05:22","modified_gmt":"2024-08-21T14:05:22","slug":"a-propos","status":"publish","type":"page","link":"https:\/\/alfredtaxi.ca\/en\/a-propos\/","title":{"rendered":"About us"},"content":{"rendered":"<section class=\"bde-section-7254-100 bde-section\">\n              \n  \n  \n\t\n\n  <div class=\"section-background-overlay\"><\/div>\n\n\n<div class=\"section-container\"><div class=\"bde-div-7254-101 bde-div\">\n  \n  \n\t\n\n\n\n<h1 class=\"bde-heading-7254-102 bde-heading\">\nAbout us\n<\/h1>\n<\/div><\/div>\n<\/section><section class=\"bde-section-7254-104 bde-section\">\n              \n  \n  \n\t\n\n  <div class=\"section-background-overlay\"><\/div>\n\n\n<div class=\"section-container\"><div class=\"bde-div-7254-105 bde-div\">\n  \n  \n\t\n\n\n\n<h3 class=\"bde-heading-7254-106 bde-heading\">\nMore about us\n<\/h3><h2 class=\"bde-heading-7254-107 bde-heading\">\nOur history\n<\/h2>\n<\/div><p class=\"bde-text-7254-108 bde-text\">\nSince 2020, Alfred Taxi has been dedicated to providing superior transportation services. Founded in Quebec City with a mission to reinvent the traditional cab, our team strives to ensure safety, comfort and satisfaction on every trip. This is made possible by our rigorously trained drivers and operators. Our team is also committed to reducing our environmental footprint by adopting our new fleet of hybrid and electric vehicles.<br>\n<\/p><\/div>\n<\/section><section class=\"bde-section-7254-109 bde-section\">\n  \n  \n\t\n\n\n\n<div class=\"section-container\"><div class=\"bde-columns-7254-110 bde-columns\"><div class=\"bde-column-7254-111 bde-column\">\n  \n  \n\t\n\n\n\n<div class=\"bde-image-7254-113 bde-image\">\n<figure class=\"breakdance-image breakdance-image--7465\">\n\t<div class=\"breakdance-image-container\">\n\t\t<div class=\"breakdance-image-clip\"><img loading=\"lazy\" decoding=\"async\" class=\"breakdance-image-object\" src=\"https:\/\/alfredtaxi.ca\/wp-content\/uploads\/2024\/08\/IMG_2114-e1722528764499.jpg\" width=\"1500\" height=\"1680\" srcset=\"https:\/\/alfredtaxi.ca\/wp-content\/uploads\/2024\/08\/IMG_2114-e1722528764499.jpg 1500w, https:\/\/alfredtaxi.ca\/wp-content\/uploads\/2024\/08\/IMG_2114-e1722528764499-268x300.jpg 268w, https:\/\/alfredtaxi.ca\/wp-content\/uploads\/2024\/08\/IMG_2114-e1722528764499-914x1024.jpg 914w, https:\/\/alfredtaxi.ca\/wp-content\/uploads\/2024\/08\/IMG_2114-e1722528764499-768x860.jpg 768w, https:\/\/alfredtaxi.ca\/wp-content\/uploads\/2024\/08\/IMG_2114-e1722528764499-1371x1536.jpg 1371w, https:\/\/alfredtaxi.ca\/wp-content\/uploads\/2024\/08\/IMG_2114-e1722528764499-11x12.jpg 11w\" sizes=\"auto, (max-width: 1500px) 100vw, 1500px\"><\/div>\n\t<\/div><\/figure>\n\n<\/div>\n<\/div><div class=\"bde-column-7254-112 bde-column\">\n  \n  \n\t\n\n\n\n<div class=\"bde-div-7254-114 bde-div\">\n  \n  \n\t\n\n\n\n<h3 class=\"bde-heading-7254-115 bde-heading\">\nWe adapt to you\n<\/h3><h2 class=\"bde-heading-7254-116 bde-heading\">\nTailor-made routes\n<\/h2>\n<\/div><p class=\"bde-text-7254-117 bde-text\">\nEnjoy customized routes for corporate groups, VIPs, individuals and passengers with special needs. Alfred guarantees reliability and high standards for every trip. Our team is ready to respond to all your requests and specifications to offer you a trip that reflects you.<br>\n<\/p><div class=\"bde-button-7254-118 bde-button\">\n    \n                                    \n    \n    \n    \n    \n            \n                    \n            \n            \n\n    \n    \n    \n    \n    \n    <a class=\"breakdance-link button-atom button-atom--primary bde-button__button\" href=\"\/en\/contact-us\/\" target=\"_self\" data-type=\"url\"  >\n\n    \n        <span class=\"button-atom__text\">Contact us<\/span>\n\n        \n        \n                <\/a>\n\n    \n\n\n<\/div>\n<\/div><\/div><\/div>\n<\/section><section class=\"bde-section-7254-119 bde-section\">\n              \n  \n  \n\t\n\n  <div class=\"section-background-overlay\"><\/div>\n\n\n<div class=\"section-container\"><div class=\"bde-columns-7254-120 bde-columns\"><div class=\"bde-column-7254-123 bde-column\">\n  \n  \n\t\n\n\n\n<div class=\"bde-div-7254-124 bde-div\">\n  \n  \n\t\n\n\n\n<h3 class=\"bde-heading-7254-125 bde-heading\">\nDedicated professionals\n<\/h3><h2 class=\"bde-heading-7254-126 bde-heading\">\nOur team\n<\/h2>\n<\/div><p class=\"bde-text-7254-127 bde-text\">\nMade up of more than a hundred experienced employees, the Alfred Taxi team is our greatest strength. Our drivers are meticulously selected and their files are studied to ensure reliable, quality service. With over 20 years' collective experience in the transportation business, we're ready to meet all your travel needs.<br>\n<\/p><div class=\"bde-button-7254-128 bde-button\">\n    \n                                    \n    \n    \n    \n    \n            \n                    \n            \n            \n\n    \n    \n    \n    \n    \n    <a class=\"breakdance-link button-atom button-atom--primary bde-button__button\" href=\"\/en\/contact-us\/\" target=\"_self\" data-type=\"url\"  >\n\n    \n        <span class=\"button-atom__text\">Contact us<\/span>\n\n        \n        \n                <\/a>\n\n    \n\n\n<\/div>\n<\/div><div class=\"bde-column-7254-121 bde-column\">\n  \n  \n\t\n\n\n\n<div class=\"bde-image-7254-122 bde-image\">\n<figure class=\"breakdance-image breakdance-image--7454\">\n\t<div class=\"breakdance-image-container\">\n\t\t<div class=\"breakdance-image-clip\"><img loading=\"lazy\" decoding=\"async\" class=\"breakdance-image-object\" src=\"https:\/\/alfredtaxi.ca\/wp-content\/uploads\/2024\/08\/comIMG_2178.jpg\" width=\"1500\" height=\"1125\" srcset=\"https:\/\/alfredtaxi.ca\/wp-content\/uploads\/2024\/08\/comIMG_2178.jpg 1500w, https:\/\/alfredtaxi.ca\/wp-content\/uploads\/2024\/08\/comIMG_2178-300x225.jpg 300w, https:\/\/alfredtaxi.ca\/wp-content\/uploads\/2024\/08\/comIMG_2178-1024x768.jpg 1024w, https:\/\/alfredtaxi.ca\/wp-content\/uploads\/2024\/08\/comIMG_2178-768x576.jpg 768w, https:\/\/alfredtaxi.ca\/wp-content\/uploads\/2024\/08\/comIMG_2178-16x12.jpg 16w\" sizes=\"auto, (max-width: 1500px) 100vw, 1500px\"><\/div>\n\t<\/div><\/figure>\n\n<\/div>\n<\/div><\/div><\/div>\n<\/section>","protected":false},"excerpt":{"rendered":"<p>\u00c0 propos Un peu plus sur nous Notre Histoire Depuis 2020, Alfred Taxi se consacre \u00e0 offrir un service de transport de qualit\u00e9 sup\u00e9rieure. Fond\u00e9e \u00e0 Qu\u00e9bec avec la mission de r\u00e9inventer le taxi traditionnel, notre \u00e9quipe s&rsquo;efforce d&rsquo;assurer s\u00e9curit\u00e9, confort et satisfaction \u00e0 chaque voyage. Ceci est possible gr\u00e2ce \u00e0 nos chauffeurs et op\u00e9rateurs [&hellip;]<\/p>\n","protected":false},"author":1,"featured_media":0,"parent":0,"menu_order":0,"comment_status":"closed","ping_status":"closed","template":"","meta":{"_acf_changed":false,"_breakdance_hide_in_design_set":false,"_breakdance_tags":"","footnotes":""},"class_list":["post-7254","page","type-page","status-publish","hentry"],"acf":[],"_links":{"self":[{"href":"https:\/\/alfredtaxi.ca\/en\/wp-json\/wp\/v2\/pages\/7254","targetHints":{"allow":["GET"]}}],"collection":[{"href":"https:\/\/alfredtaxi.ca\/en\/wp-json\/wp\/v2\/pages"}],"about":[{"href":"https:\/\/alfredtaxi.ca\/en\/wp-json\/wp\/v2\/types\/page"}],"author":[{"embeddable":true,"href":"https:\/\/alfredtaxi.ca\/en\/wp-json\/wp\/v2\/users\/1"}],"replies":[{"embeddable":true,"href":"https:\/\/alfredtaxi.ca\/en\/wp-json\/wp\/v2\/comments?post=7254"}],"version-history":[{"count":5,"href":"https:\/\/alfredtaxi.ca\/en\/wp-json\/wp\/v2\/pages\/7254\/revisions"}],"predecessor-version":[{"id":7497,"href":"https:\/\/alfredtaxi.ca\/en\/wp-json\/wp\/v2\/pages\/7254\/revisions\/7497"}],"wp:attachment":[{"href":"https:\/\/alfredtaxi.ca\/en\/wp-json\/wp\/v2\/media?parent=7254"}],"curies":[{"name":"wp","href":"https:\/\/api.w.org\/{rel}","templated":true}]}}